{"id":104287,"date":"2025-11-24T02:02:48","date_gmt":"2025-11-24T01:02:48","guid":{"rendered":"https:\/\/designumacademy.com\/makows-work-2\/"},"modified":"2025-11-24T02:18:43","modified_gmt":"2025-11-24T01:18:43","slug":"makows-work-2","status":"publish","type":"page","link":"https:\/\/designumacademy.com\/en\/makows-work-2\/","title":{"rendered":"Makow&#8217;s Work"},"content":{"rendered":"<p>[et_pb_section fb_built=&#8221;1&#8243; _builder_version=&#8221;4.27.4&#8243; _module_preset=&#8221;default&#8221; global_colors_info=&#8221;{}&#8221;][et_pb_row _builder_version=&#8221;4.27.4&#8243; _module_preset=&#8221;default&#8221; global_colors_info=&#8221;{}&#8221;][et_pb_column type=&#8221;4_4&#8243; _builder_version=&#8221;4.27.4&#8243; _module_preset=&#8221;default&#8221; global_colors_info=&#8221;{}&#8221;][et_pb_portfolio include_categories=&#8221;75&#8243; show_categories=&#8221;off&#8221; _builder_version=&#8221;4.27.4&#8243; _module_preset=&#8221;default&#8221; hover_enabled=&#8221;0&#8243; global_colors_info=&#8221;{}&#8221; fullwidth=&#8221;off&#8221; sticky_enabled=&#8221;0&#8243;][\/et_pb_portfolio][\/et_pb_column][\/et_pb_row][\/et_pb_section][et_pb_section fb_built=&#8221;1&#8243; _builder_version=&#8221;4.27.2&#8243; _module_preset=&#8221;default&#8221; min_height=&#8221;171.7px&#8221; custom_margin=&#8221;20px||||false|false&#8221; custom_padding=&#8221;0px||0px||true|false&#8221; custom_padding_tablet=&#8221;40px||40px||true|false&#8221; custom_padding_phone=&#8221;57px||57px||true|false&#8221; saved_tabs=&#8221;all&#8221; global_colors_info=&#8221;{}&#8221;][et_pb_row _builder_version=&#8221;4.17.6&#8243; _module_preset=&#8221;default&#8221; global_colors_info=&#8221;{}&#8221;][et_pb_column type=&#8221;4_4&#8243; _builder_version=&#8221;4.17.6&#8243; _module_preset=&#8221;default&#8221; global_colors_info=&#8221;{}&#8221;][et_pb_divider show_divider=&#8221;off&#8221; _builder_version=&#8221;4.17.6&#8243; _module_preset=&#8221;cba05e97-8242-498e-8147-b764d3362b3e&#8221; height=&#8221;0px&#8221; filter_opacity=&#8221;10%&#8221; border_width_right=&#8221;0px&#8221; border_width_bottom=&#8221;0px&#8221; border_width_left=&#8221;0px&#8221; global_colors_info=&#8221;{}&#8221;][\/et_pb_divider][\/et_pb_column][\/et_pb_row][et_pb_row column_structure=&#8221;1_2,1_4,1_4&#8243; _builder_version=&#8221;4.24.0&#8243; _module_preset=&#8221;default&#8221; min_height=&#8221;140px&#8221; custom_padding=&#8221;48px||48px||true|false&#8221; global_colors_info=&#8221;{}&#8221;][et_pb_column type=&#8221;1_2&#8243; _builder_version=&#8221;4.17.6&#8243; _module_preset=&#8221;default&#8221; global_colors_info=&#8221;{}&#8221;][et_pb_social_media_follow _builder_version=&#8221;4.27.4&#8243; _module_preset=&#8221;default&#8221; max_width=&#8221;61%&#8221;][et_pb_social_media_follow_network social_network=&#8221;facebook&#8221; url=&#8221;https:\/\/www.facebook.com\/designkitchenbrno&#8221; _builder_version=&#8221;4.27.2&#8243; _module_preset=&#8221;default&#8221; background_color=&#8221;#3b5998&#8243; follow_button=&#8221;off&#8221; url_new_window=&#8221;on&#8221;]facebook[\/et_pb_social_media_follow_network][et_pb_social_media_follow_network social_network=&#8221;linkedin&#8221; url=&#8221;https:\/\/www.linkedin.com\/in\/dr-martin-kovarik-49139866\/&#8221; _builder_version=&#8221;4.27.2&#8243; _module_preset=&#8221;default&#8221; background_color=&#8221;#007bb6&#8243; follow_button=&#8221;off&#8221; url_new_window=&#8221;on&#8221;]linkedin[\/et_pb_social_media_follow_network][et_pb_social_media_follow_network social_network=&#8221;spotify&#8221; url=&#8221;https:\/\/open.spotify.com\/show\/6gm1LjJYTg9LYCKQMeyg5L?si=d4062c34b1254915&#038;nd=1&#038;dlsi=66de1923f7dd409e&#8221; _builder_version=&#8221;4.27.2&#8243; _module_preset=&#8221;default&#8221; background_color=&#8221;#1db954&#8243; follow_button=&#8221;off&#8221; url_new_window=&#8221;on&#8221;]spotify[\/et_pb_social_media_follow_network][et_pb_social_media_follow_network social_network=&#8221;youtube&#8221; url=&#8221;https:\/\/www.youtube.com\/@makov58&#8243; _builder_version=&#8221;4.27.2&#8243; _module_preset=&#8221;default&#8221; background_color=&#8221;#a82400&#8243; follow_button=&#8221;off&#8221; url_new_window=&#8221;on&#8221;]youtube[\/et_pb_social_media_follow_network][\/et_pb_social_media_follow][et_pb_text _builder_version=&#8221;4.27.4&#8243; _module_preset=&#8221;default&#8221; text_font=&#8221;Bebas neue Book|300|||||||&#8221; text_font_size=&#8221;12px&#8221;]<\/p>\n<p>\u00a9<span> 2025 makow + DIVI<\/span><\/p>\n<p>[\/et_pb_text][\/et_pb_column][et_pb_column type=&#8221;1_4&#8243; _builder_version=&#8221;4.27.2&#8243; _module_preset=&#8221;default&#8221; global_colors_info=&#8221;{}&#8221;][et_pb_text _builder_version=&#8221;4.27.2&#8243; _module_preset=&#8221;default&#8221; text_font=&#8221;Bebas neue Book||||||||&#8221; text_font_size=&#8221;14px&#8221; width=&#8221;100%&#8221; link_option_url=&#8221;mailti: makow@designkitchen.cz&#8221; link_option_url_new_window=&#8221;on&#8221; text_font_size_tablet=&#8221;13px&#8221; text_font_size_phone=&#8221;20px&#8221; module_alignment_tablet=&#8221;&#8221; module_alignment_phone=&#8221;left&#8221; module_alignment_last_edited=&#8221;on|tablet&#8221; global_colors_info=&#8221;{%22gcid-8c4df213-420b-4fa0-a471-54276bb0f0b2%22:%91%22header_text_color%22,%22header_text_color%22,%22header_text_color%22,%22header_text_color%22%93}&#8221;]<\/p>\n<p style=\"text-align: right\">EMAIL:<br \/><strong>makow@designkitchen.cz<\/strong><\/p>\n<p>[\/et_pb_text][\/et_pb_column][et_pb_column type=&#8221;1_4&#8243; _builder_version=&#8221;4.24.0&#8243; _module_preset=&#8221;default&#8221; global_colors_info=&#8221;{}&#8221;][et_pb_text _builder_version=&#8221;4.27.2&#8243; _module_preset=&#8221;default&#8221; text_font=&#8221;Bebas neue Book||||||||&#8221; text_font_size=&#8221;14px&#8221; link_option_url=&#8221;makov58@gmail.com&#8221; link_option_url_new_window=&#8221;on&#8221; text_font_size_tablet=&#8221;13px&#8221; text_font_size_phone=&#8221;20px&#8221; module_alignment_tablet=&#8221;&#8221; module_alignment_phone=&#8221;left&#8221; module_alignment_last_edited=&#8221;on|tablet&#8221; global_colors_info=&#8221;{%22gcid-8c4df213-420b-4fa0-a471-54276bb0f0b2%22:%91%22header_text_color%22,%22header_text_color%22,%22header_text_color%22,%22header_text_color%22%93}&#8221;]<\/p>\n<p style=\"text-align: right\">CALL:<br \/><strong>+420 608 337 445<\/strong><\/p>\n<p>[\/et_pb_text][\/et_pb_column][\/et_pb_row][\/et_pb_section]<\/p>\n","protected":false},"excerpt":{"rendered":"<p>\u00a9 2025 makow + DIVIEMAIL:makow@designkitchen.czCALL:+420 608 337 445<\/p>\n","protected":false},"author":2,"featured_media":0,"parent":0,"menu_order":0,"comment_status":"closed","ping_status":"closed","template":"","meta":{"_et_pb_use_builder":"on","_et_pb_old_content":"","_et_gb_content_width":"","footnotes":""},"class_list":["post-104287","page","type-page","status-publish","hentry"],"yoast_head":"<!-- This site is optimized with the Yoast SEO Premium plugin v25.8 (Yoast SEO v27.4) - https:\/\/yoast.com\/product\/yoast-seo-premium-wordpress\/ -->\n<title>Makow&#039;s Work - designumacademy.com<\/title>\n<meta name=\"robots\" content=\"index, follow, max-snippet:-1, max-image-preview:large, max-video-preview:-1\" \/>\n<link rel=\"canonical\" href=\"https:\/\/designumacademy.com\/en\/makows-work-2\/\" \/>\n<meta property=\"og:locale\" content=\"en_US\" \/>\n<meta property=\"og:type\" content=\"article\" \/>\n<meta property=\"og:title\" content=\"Makow&#039;s Work\" \/>\n<meta property=\"og:description\" content=\"\u00a9 2025 makow + DIVIEMAIL:makow@designkitchen.czCALL:+420 608 337 445\" \/>\n<meta property=\"og:url\" content=\"https:\/\/designumacademy.com\/en\/makows-work-2\/\" \/>\n<meta property=\"og:site_name\" content=\"designumacademy.com\" \/>\n<meta property=\"article:publisher\" content=\"https:\/\/www.facebook.com\/groups\/649693200374250\" \/>\n<meta property=\"article:modified_time\" content=\"2025-11-24T01:18:43+00:00\" \/>\n<meta name=\"twitter:card\" content=\"summary_large_image\" \/>\n<meta name=\"twitter:label1\" content=\"Est. reading time\" \/>\n\t<meta name=\"twitter:data1\" content=\"3 minutes\" \/>\n<script type=\"application\/ld+json\" class=\"yoast-schema-graph\">{\"@context\":\"https:\\\/\\\/schema.org\",\"@graph\":[{\"@type\":\"WebPage\",\"@id\":\"https:\\\/\\\/designumacademy.com\\\/en\\\/makows-work-2\\\/\",\"url\":\"https:\\\/\\\/designumacademy.com\\\/en\\\/makows-work-2\\\/\",\"name\":\"Makow's Work - designumacademy.com\",\"isPartOf\":{\"@id\":\"https:\\\/\\\/designumacademy.com\\\/en\\\/#website\"},\"datePublished\":\"2025-11-24T01:02:48+00:00\",\"dateModified\":\"2025-11-24T01:18:43+00:00\",\"breadcrumb\":{\"@id\":\"https:\\\/\\\/designumacademy.com\\\/en\\\/makows-work-2\\\/#breadcrumb\"},\"inLanguage\":\"en-US\",\"potentialAction\":[{\"@type\":\"ReadAction\",\"target\":[\"https:\\\/\\\/designumacademy.com\\\/en\\\/makows-work-2\\\/\"]}]},{\"@type\":\"BreadcrumbList\",\"@id\":\"https:\\\/\\\/designumacademy.com\\\/en\\\/makows-work-2\\\/#breadcrumb\",\"itemListElement\":[{\"@type\":\"ListItem\",\"position\":1,\"name\":\"Dom\u016f\",\"item\":\"https:\\\/\\\/designumacademy.com\\\/en\\\/homepage\\\/\"},{\"@type\":\"ListItem\",\"position\":2,\"name\":\"Makow&#8217;s Work\"}]},{\"@type\":\"WebSite\",\"@id\":\"https:\\\/\\\/designumacademy.com\\\/en\\\/#website\",\"url\":\"https:\\\/\\\/designumacademy.com\\\/en\\\/\",\"name\":\"designkitchen.cz\",\"description\":\"vzd\u011bl\u00e1v\u00e1n\u00ed, design, interi\u00e9r, architektura\",\"publisher\":{\"@id\":\"https:\\\/\\\/designumacademy.com\\\/en\\\/#organization\"},\"alternateName\":\"\u0161kola designu\",\"potentialAction\":[{\"@type\":\"SearchAction\",\"target\":{\"@type\":\"EntryPoint\",\"urlTemplate\":\"https:\\\/\\\/designumacademy.com\\\/en\\\/?s={search_term_string}\"},\"query-input\":{\"@type\":\"PropertyValueSpecification\",\"valueRequired\":true,\"valueName\":\"search_term_string\"}}],\"inLanguage\":\"en-US\"},{\"@type\":\"Organization\",\"@id\":\"https:\\\/\\\/designumacademy.com\\\/en\\\/#organization\",\"name\":\"designkitchen.cz\",\"url\":\"https:\\\/\\\/designumacademy.com\\\/en\\\/\",\"logo\":{\"@type\":\"ImageObject\",\"inLanguage\":\"en-US\",\"@id\":\"https:\\\/\\\/designumacademy.com\\\/en\\\/#\\\/schema\\\/logo\\\/image\\\/\",\"url\":\"http:\\\/\\\/designumacademy.com\\\/wp-content\\\/uploads\\\/2024\\\/10\\\/2024_DK_logo_1.png\",\"contentUrl\":\"http:\\\/\\\/designumacademy.com\\\/wp-content\\\/uploads\\\/2024\\\/10\\\/2024_DK_logo_1.png\",\"width\":1360,\"height\":196,\"caption\":\"designkitchen.cz\"},\"image\":{\"@id\":\"https:\\\/\\\/designumacademy.com\\\/en\\\/#\\\/schema\\\/logo\\\/image\\\/\"},\"sameAs\":[\"https:\\\/\\\/www.facebook.com\\\/groups\\\/649693200374250\"]}]}<\/script>\n<!-- \/ Yoast SEO Premium plugin. -->","yoast_head_json":{"title":"Makow's Work - designumacademy.com","robots":{"index":"index","follow":"follow","max-snippet":"max-snippet:-1","max-image-preview":"max-image-preview:large","max-video-preview":"max-video-preview:-1"},"canonical":"https:\/\/designumacademy.com\/en\/makows-work-2\/","og_locale":"en_US","og_type":"article","og_title":"Makow's Work","og_description":"\u00a9 2025 makow + DIVIEMAIL:makow@designkitchen.czCALL:+420 608 337 445","og_url":"https:\/\/designumacademy.com\/en\/makows-work-2\/","og_site_name":"designumacademy.com","article_publisher":"https:\/\/www.facebook.com\/groups\/649693200374250","article_modified_time":"2025-11-24T01:18:43+00:00","twitter_card":"summary_large_image","twitter_misc":{"Est. reading time":"3 minutes"},"schema":{"@context":"https:\/\/schema.org","@graph":[{"@type":"WebPage","@id":"https:\/\/designumacademy.com\/en\/makows-work-2\/","url":"https:\/\/designumacademy.com\/en\/makows-work-2\/","name":"Makow's Work - designumacademy.com","isPartOf":{"@id":"https:\/\/designumacademy.com\/en\/#website"},"datePublished":"2025-11-24T01:02:48+00:00","dateModified":"2025-11-24T01:18:43+00:00","breadcrumb":{"@id":"https:\/\/designumacademy.com\/en\/makows-work-2\/#breadcrumb"},"inLanguage":"en-US","potentialAction":[{"@type":"ReadAction","target":["https:\/\/designumacademy.com\/en\/makows-work-2\/"]}]},{"@type":"BreadcrumbList","@id":"https:\/\/designumacademy.com\/en\/makows-work-2\/#breadcrumb","itemListElement":[{"@type":"ListItem","position":1,"name":"Dom\u016f","item":"https:\/\/designumacademy.com\/en\/homepage\/"},{"@type":"ListItem","position":2,"name":"Makow&#8217;s Work"}]},{"@type":"WebSite","@id":"https:\/\/designumacademy.com\/en\/#website","url":"https:\/\/designumacademy.com\/en\/","name":"designkitchen.cz","description":"vzd\u011bl\u00e1v\u00e1n\u00ed, design, interi\u00e9r, architektura","publisher":{"@id":"https:\/\/designumacademy.com\/en\/#organization"},"alternateName":"\u0161kola designu","potentialAction":[{"@type":"SearchAction","target":{"@type":"EntryPoint","urlTemplate":"https:\/\/designumacademy.com\/en\/?s={search_term_string}"},"query-input":{"@type":"PropertyValueSpecification","valueRequired":true,"valueName":"search_term_string"}}],"inLanguage":"en-US"},{"@type":"Organization","@id":"https:\/\/designumacademy.com\/en\/#organization","name":"designkitchen.cz","url":"https:\/\/designumacademy.com\/en\/","logo":{"@type":"ImageObject","inLanguage":"en-US","@id":"https:\/\/designumacademy.com\/en\/#\/schema\/logo\/image\/","url":"https:\/\/designumacademy.com\/wp-content\/uploads\/2024\/10\/2024_DK_logo_1.png","contentUrl":"https:\/\/designumacademy.com\/wp-content\/uploads\/2024\/10\/2024_DK_logo_1.png","width":1360,"height":196,"caption":"designkitchen.cz"},"image":{"@id":"https:\/\/designumacademy.com\/en\/#\/schema\/logo\/image\/"},"sameAs":["https:\/\/www.facebook.com\/groups\/649693200374250"]}]}},"_links":{"self":[{"href":"https:\/\/designumacademy.com\/en\/wp-json\/wp\/v2\/pages\/104287","targetHints":{"allow":["GET"]}}],"collection":[{"href":"https:\/\/designumacademy.com\/en\/wp-json\/wp\/v2\/pages"}],"about":[{"href":"https:\/\/designumacademy.com\/en\/wp-json\/wp\/v2\/types\/page"}],"author":[{"embeddable":true,"href":"https:\/\/designumacademy.com\/en\/wp-json\/wp\/v2\/users\/2"}],"replies":[{"embeddable":true,"href":"https:\/\/designumacademy.com\/en\/wp-json\/wp\/v2\/comments?post=104287"}],"version-history":[{"count":2,"href":"https:\/\/designumacademy.com\/en\/wp-json\/wp\/v2\/pages\/104287\/revisions"}],"predecessor-version":[{"id":104290,"href":"https:\/\/designumacademy.com\/en\/wp-json\/wp\/v2\/pages\/104287\/revisions\/104290"}],"wp:attachment":[{"href":"https:\/\/designumacademy.com\/en\/wp-json\/wp\/v2\/media?parent=104287"}],"curies":[{"name":"wp","href":"https:\/\/api.w.org\/{rel}","templated":true}]}}