{"id":103434,"date":"2024-10-28T16:23:06","date_gmt":"2024-10-28T15:23:06","guid":{"rendered":"https:\/\/designumacademy.com\/saraw\/"},"modified":"2025-08-13T21:23:29","modified_gmt":"2025-08-13T19:23:29","slug":"saraw","status":"publish","type":"page","link":"https:\/\/designumacademy.com\/en\/saraw\/","title":{"rendered":"SaraW"},"content":{"rendered":"<p>[et_pb_section fb_built=&#8221;1&#8243; _builder_version=&#8221;4.27.2&#8243; _module_preset=&#8221;default&#8221; global_colors_info=&#8221;{}&#8221;][et_pb_row column_structure=&#8221;3_5,2_5&#8243; _builder_version=&#8221;4.27.2&#8243; _module_preset=&#8221;default&#8221; custom_margin=&#8221;|auto|50px|auto|false|false&#8221; global_colors_info=&#8221;{}&#8221;][et_pb_column type=&#8221;3_5&#8243; _builder_version=&#8221;4.27.2&#8243; _module_preset=&#8221;default&#8221; global_colors_info=&#8221;{}&#8221;][et_pb_text _builder_version=&#8221;4.27.2&#8243; _module_preset=&#8221;default&#8221;]<\/p>\n<div><\/div>\n<div><\/div>\n<h1>MgA. Lenka Urbanov\u00e1 <\/h1>\n<h4>Artist, Graphic Designer, Teacher, Mother<\/h4>\n<div><\/div>\n<div><\/div>\n<p>[\/et_pb_text][\/et_pb_column][et_pb_column type=&#8221;2_5&#8243; _builder_version=&#8221;4.27.2&#8243; _module_preset=&#8221;default&#8221; global_colors_info=&#8221;{}&#8221;][et_pb_image src=&#8221;https:\/\/designumacademy.com\/wp-content\/uploads\/2024\/10\/2023_01_Saraw.jpeg&#8221; title_text=&#8221;2023_01_Saraw&#8221; _builder_version=&#8221;4.27.2&#8243; _module_preset=&#8221;default&#8221; global_colors_info=&#8221;{}&#8221;][\/et_pb_image][\/et_pb_column][\/et_pb_row][et_pb_row _builder_version=&#8221;4.27.2&#8243; _module_preset=&#8221;default&#8221; global_colors_info=&#8221;{}&#8221;][et_pb_column type=&#8221;4_4&#8243; _builder_version=&#8221;4.27.2&#8243; _module_preset=&#8221;default&#8221; global_colors_info=&#8221;{}&#8221;][et_pb_text _builder_version=&#8221;4.27.2&#8243; _module_preset=&#8221;default&#8221;]<\/p>\n<div><\/div>\n<div><\/div>\n<h2>Education<\/h2>\n<ul>\n<li>2007 \u2013 Doctoral studies \u2013 suspended \u2013 <span style=\"font-size: 18px;\"><\/span><span style=\"font-size: 18px;\">Mendelu in Brno, Zem\u011bd\u011blsk\u00e1 3<\/span><\/li>\n<li>2002 \u2013 2005<span> \u2013 <\/span>Master&#8217;s studies \u2013 Brno University of Technology, Faculty of Fine Arts, Brno, Ryb\u00e1\u0159sk\u00e1 13\/15, specialization Graphics under academic painter Margita Titlove-Ylovsky (State Final Exam \u2013 topic \u201cTransformations\u201d linocut, 200 x 150 cm, theoretical part \u2013 \u201cBlueprint and its overlaps into contemporary art\u201d)  <\/li>\n<li>2000 \u2013 2002<span> \u2013 <\/span>BUT Faculty of Civil Engineering, pedagogical minimum for secondary schools<\/li>\n<li>1999 \u2013 2002<span> \u2013 <\/span>Bachelor&#8217;s studies, BUT Faculty of Fine Arts, specialization Graphics under academic painter Margita Titlov\u00e1 \u2013 Ylovsky, Assoc. Prof. Ond\u0159ej Mich\u00e1lek, State Final Exam: art history, Bachelor&#8217;s thesis defended in the Study Program Fine Arts \u2013 Graphics (topic Diagonal of Times)   <\/li>\n<li>1989 \u2013 1999<span style=\"font-size: 18px;\"> \u2013 <\/span> <span style=\"font-size: 18px;\">Brno University of Technology, Faculty of Fine Arts, specialization environmental art under academic painter Vladim\u00edr Merta and MgA. Mari\u00e1n Palla    <\/span><\/li>\n<li>1994 \u2013 1998<span style=\"font-size: 18px;\"> \u2013 <\/span><span style=\"font-size: 18px;\">Secondary School of Applied Arts, Uhersk\u00e9 Hradi\u0161t\u011b, specialization artistic <\/span>ceramics processing under academic sculptor Ji\u0159\u00ed Vlach and Vladim\u00edr Gro\u0161  <\/li>\n<\/ul>\n<div><\/div>\n<h3>International Studies:<\/h3>\n<ul>\n<li>2003 \u2013<span> <\/span>University of Ljubljana, Faculty of Natural Science and Technology, Department of Textiles (Univerza v Ljubljani, Naravoslovnotehni\u0161ka Fakulteta, Oddelek za tekstilstvo), Sn\u011b\u017enick\u00e1 5, 1000 Ljubljana, Slovenia<\/li>\n<li>2002 \u2013 Universidad de Castilla-La Mancha, facultad de Bellas- Artes, Camino del Pozuelio, 16002 Cuenca, Spain<\/li>\n<li>2000 \u2013 <span style=\"font-size: 18px;\">University of Art and Design <\/span><span style=\"font-size: 18px;\">(Universitatea de Arta si Design), Piata Unirii 33, 3400 Cluj-Napoca, Romania<\/span><\/li>\n<\/ul>\n<h3>Language Skills:<\/h3>\n<ul>\n<li>English language<span> <\/span>\u2013 excellent proficiency \u2013 State exam<\/li>\n<li>Spanish language <span> <\/span>\u2013 good proficiency (State Language School Brno)<\/li>\n<li>Russian language <span> <\/span>\u2013 good proficiency (State Language School Brno)<\/li>\n<li>German language<span> <\/span>\u2013 basic proficiency<\/li>\n<\/ul>\n<div><\/div>\n<p>[\/et_pb_text][et_pb_text _builder_version=&#8221;4.27.2&#8243; _module_preset=&#8221;default&#8221;]<\/p>\n<h2>Exhibitions<\/h2>\n<h4>2020<\/h4>\n<ul>\n<li>\u201cCherchez la femme\u201d, group exhibition, Primary School Str\u00e1\u017eovice <span style=\"font-size: 16px;\"><\/span><\/li>\n<\/ul>\n<h4>2016<\/h4>\n<ul>\n<li>\u201cThree Generations from Slov\u00e1ck\u00e9 Str\u00e1\u017eovice\u201d, group exhibition, Cultural House Sob\u016flky <\/li>\n<li>\u201cThree Generations from Slov\u00e1ck\u00e9 Str\u00e1\u017eovice\u201d, group exhibition, \u017daro\u0161ice Museum <\/li>\n<li>\u201cThree Generations from Slov\u00e1ck\u00e9 Str\u00e1\u017eovice\u201d, group exhibition, gallery \u201cNa Most\u011b\u201d, Hradec Kr\u00e1lov\u00e9 <\/li>\n<li>\u201cThree Generations from Slov\u00e1ck\u00e9 Str\u00e1\u017eovice\u201d, group exhibition, Nenkovice Gallery <\/li>\n<\/ul>\n<h4>2015<\/h4>\n<ul>\n<li>&#8220;Urbanov\u00e1 &amp; V\u00e1lkov\u00e1&#8221;, group exhibition, Nenkovice Gallery <\/li>\n<li>\u201c70th Anniversary of the Liberation of Str\u00e1\u017eovice Village\u201d group exhibition, Str\u00e1\u017eovice  <\/li>\n<\/ul>\n<h4>2009<\/h4>\n<ul>\n<li>\u201cCzech Graphics\u201d \u2013 Bansk\u00e1 Bystrica Gallery, Slovak Republic<\/li>\n<\/ul>\n<h4>2008<\/h4>\n<ul>\n<li>\u201cMeeting at the Mill\u201d, Mill Gallery, Bohuslavice near Kyjov<\/li>\n<\/ul>\n<h4>2007<\/h4>\n<ul>\n<li>\u201cTransfers\u201d, Graphics Triennial, Gallery of the City of Prague<\/li>\n<li>\u201cTransformations\u201d, solo exhibition, Nenkovice Municipal Office Gallery<\/li>\n<\/ul>\n<h4>2006<\/h4>\n<ul>\n<li>\u201c875 Years Since the Founding of Str\u00e1\u017eovice Village\u201d<\/li>\n<li>\u201cMiroslav Tich\u00fd\u201d, group exhibition, Doma Gallery, Kyjov <\/li>\n<li>\u201cTransformations\u201d, solo exhibition, Doma Gallery, Kyjov<\/li>\n<li>&#8220;GRAPHICS OF THE YEAR 2005&#8221;, group exhibition, Clam-Gallas Palace, Prague <\/li>\n<\/ul>\n<h4>2005<\/h4>\n<ul>\n<li> <span style=\"font-size: 18px;\">&#8220;GRADUATES 2005&#8221;, group exhibition, BUT Faculty of Fine Arts Brno <\/span><\/li>\n<li>\u201c90-60-90\u201d, group exhibition, Blansko Castle <\/li>\n<li>\u201cFAVU GRAPHICS\u201d, group exhibition, BUT Faculty of Fine Arts, Brno\n<p>&nbsp;<\/p>\n<\/li>\n<\/ul>\n<h4>2000<\/h4>\n<ul>\n<li>\n<p>2000 \u2013 \u201cMEZZANINE\u201d, group exhibition, ROXI Prague (review in MF Dnes) <\/p>\n<\/li>\n<li>\n<p>\u201cKOUNICK\u00dd SALON 2000\u201d, group exhibition, Doln\u00ed Kounice Castle <\/p>\n<\/li>\n<\/ul>\n<p>[\/et_pb_text][et_pb_text _builder_version=&#8221;4.27.2&#8243; _module_preset=&#8221;default&#8221;]<\/p>\n<h2>Competitions<\/h2>\n<h4>2020<\/h4>\n<ul>\n<li>Jury&#8217;s Honorable Mention at Graphics of the Year 2005 <\/li>\n<\/ul>\n<p>[\/et_pb_text][et_pb_text _builder_version=&#8221;4.27.2&#8243; _module_preset=&#8221;default&#8221;]<\/p>\n<h2>Work Experience:<\/h2>\n<ul>\n<li>2021 \u2013 March, April \u2013 J.A. Komensk\u00fd Primary School, Kyjov \u2013 English teacher<\/li>\n<li>2010 \u2013 present \u2013 maternity\/parental leave (children 2010, 2011, 2014, 2018)<\/li>\n<li>2006 \u2013 2010 \u2013 Mendel University of Agriculture and Forestry, Faculty of Forestry and Wood Technology, Institute of Furniture, Design and Housing \u2013 assistant lecturer and doctoral student<\/li>\n<li>2003 \u2013 2006 \u2013 Secondary Vocational School of Traditional Crafts, Brno \u2013 teacher of ceramics technology, artistic craft techniques, art education, history of visual culture<\/li>\n<li>2004 \u2013 2005 \u2013 Secondary Art and Management School, Brno \u2013 head of art studio<\/li>\n<\/ul>\n<p>[\/et_pb_text][et_pb_text _builder_version=&#8221;4.27.2&#8243; _module_preset=&#8221;default&#8221;]<\/p>\n<p><span style=\"font-size: 34px; letter-spacing: 1px;\">Interests, Skills<\/span><\/p>\n<ul>\n<li>Category B driving license<\/li>\n<li>website and Facebook page administration<\/li>\n<li>commissioned photography, video production<\/li>\n<li>organization of events, exhibitions, trips, art courses, children&#8217;s camps<\/li>\n<li>article publication<\/li>\n<\/ul>\n<p>[\/et_pb_text][\/et_pb_column][\/et_pb_row][\/et_pb_section]<\/p>\n","protected":false},"excerpt":{"rendered":"<p>MgA. Lenka Urbanov\u00e1 Artist, Graphic Designer, Teacher, Mother Education 2007 \u2013 Doctoral studies \u2013 suspended \u2013 Mendelu in Brno, Zem\u011bd\u011blsk\u00e1 3 2002 \u2013 2005 \u2013 Master&#8217;s studies \u2013 Brno University of Technology, Faculty of Fine Arts, Brno, Ryb\u00e1\u0159sk\u00e1 13\/15, specialization Graphics under academic painter Margita Titlove-Ylovsky (State Final Exam \u2013 topic \u201cTransformations\u201d linocut, 200 x [&hellip;]<\/p>\n","protected":false},"author":2,"featured_media":0,"parent":0,"menu_order":0,"comment_status":"closed","ping_status":"closed","template":"","meta":{"_et_pb_use_builder":"on","_et_pb_old_content":"","_et_gb_content_width":"","footnotes":""},"class_list":["post-103434","page","type-page","status-publish","hentry"],"_links":{"self":[{"href":"https:\/\/designumacademy.com\/en\/wp-json\/wp\/v2\/pages\/103434","targetHints":{"allow":["GET"]}}],"collection":[{"href":"https:\/\/designumacademy.com\/en\/wp-json\/wp\/v2\/pages"}],"about":[{"href":"https:\/\/designumacademy.com\/en\/wp-json\/wp\/v2\/types\/page"}],"author":[{"embeddable":true,"href":"https:\/\/designumacademy.com\/en\/wp-json\/wp\/v2\/users\/2"}],"replies":[{"embeddable":true,"href":"https:\/\/designumacademy.com\/en\/wp-json\/wp\/v2\/comments?post=103434"}],"version-history":[{"count":0,"href":"https:\/\/designumacademy.com\/en\/wp-json\/wp\/v2\/pages\/103434\/revisions"}],"wp:attachment":[{"href":"https:\/\/designumacademy.com\/en\/wp-json\/wp\/v2\/media?parent=103434"}],"curies":[{"name":"wp","href":"https:\/\/api.w.org\/{rel}","templated":true}]}}