{"id":103399,"date":"2024-10-28T16:24:20","date_gmt":"2024-10-28T15:24:20","guid":{"rendered":"https:\/\/designumacademy.com\/danica\/"},"modified":"2025-08-13T21:21:27","modified_gmt":"2025-08-13T19:21:27","slug":"danica","status":"publish","type":"page","link":"https:\/\/designumacademy.com\/en\/danica\/","title":{"rendered":"Danica"},"content":{"rendered":"<p>[et_pb_section fb_built=&#8221;1&#8243; _builder_version=&#8221;4.27.2&#8243; _module_preset=&#8221;default&#8221; global_colors_info=&#8221;{}&#8221;][et_pb_row column_structure=&#8221;3_5,2_5&#8243; _builder_version=&#8221;4.27.2&#8243; _module_preset=&#8221;default&#8221; custom_padding=&#8221;51px||51px||true|false&#8221; global_colors_info=&#8221;{}&#8221;][et_pb_column type=&#8221;3_5&#8243; _builder_version=&#8221;4.27.2&#8243; _module_preset=&#8221;default&#8221; global_colors_info=&#8221;{}&#8221;][et_pb_text _builder_version=&#8221;4.27.2&#8243; _module_preset=&#8221;default&#8221; global_colors_info=&#8221;{}&#8221;]<\/p>\n<h1>Ing. Danica Macha\u010d K\u00e1\u0148ov\u00e1, Ph.D.<\/h1>\n<h4><span>Designer, Educator, Ergonomics<\/span><\/h4>\n<p><span>Scopus Author ID 6507013634<\/span><\/p>\n<div><\/div>\n<div><\/div>\n<p>[\/et_pb_text][\/et_pb_column][et_pb_column type=&#8221;2_5&#8243; _builder_version=&#8221;4.27.2&#8243; _module_preset=&#8221;default&#8221; global_colors_info=&#8221;{}&#8221;][et_pb_image src=&#8221;https:\/\/designumacademy.com\/wp-content\/uploads\/2024\/10\/2023_07_Danica_K_foto_02B.jpg&#8221; title_text=&#8221;2023_07_Danica_K_photo_02B&#8221; _builder_version=&#8221;4.27.2&#8243; _module_preset=&#8221;default&#8221; global_colors_info=&#8221;{}&#8221;][\/et_pb_image][\/et_pb_column][\/et_pb_row][et_pb_row _builder_version=&#8221;4.27.2&#8243; _module_preset=&#8221;default&#8221; global_colors_info=&#8221;{}&#8221;][et_pb_column type=&#8221;4_4&#8243; _builder_version=&#8221;4.27.2&#8243; _module_preset=&#8221;default&#8221; global_colors_info=&#8221;{}&#8221;][et_pb_text _builder_version=&#8221;4.27.2&#8243; _module_preset=&#8221;default&#8221; global_colors_info=&#8221;{}&#8221;]<\/p>\n<div><\/div>\n<div><\/div>\n<h2>Education<\/h2>\n<ul>\n<li>\n<div>2011 \u2013 2018<span> \u2013 <\/span>Faculty of Forestry and Wood Technology, MENDELU Brno<span> \u2013 <\/span>Ph.D. \u2013 <span style=\"text-decoration: underline; color: #2747f9;\"><span style=\"font-size: 18px;\">Development of Current Dimensional Standards for Lying and Resting Furniture<\/span><\/span> <\/div>\n<\/li>\n<li>\n<div><span style=\"text-decoration: underline; color: #2747f9;\"><span style=\"font-size: 18px;\"><\/span><\/span><span style=\"font-size: 18px;\">2009 \u2013 2011 \u2013<\/span><span style=\"font-size: 18px;\"> <\/span><span style=\"font-size: 18px;\">Faculty of Forestry and Wood Technology, MENDELU Brno<\/span><span style=\"font-size: 18px;\"> \u2013 <\/span><span style=\"font-size: 18px;\">Ing.<\/span><\/div>\n<div>2006 \u2013 2009<span> \u2013 <\/span>Faculty of Forestry and Wood Technology, MENDELU Brno<span> \u2013 <\/span>B.Sc.<\/div>\n<div>1998 \u2013 2006<span> \u2013 <\/span>High School, Ostrava- Z\u00e1b\u0159eh, Volgogradsk\u00e1 6a<\/div>\n<\/li>\n<\/ul>\n<div><\/div>\n<ul><\/ul>\n<h3>Language Skills:<\/h3>\n<ul>\n<li>English<span> <\/span>\u2013 <span style=\"font-size: 18px;\">conversational level<\/span><\/li>\n<li>French <span> <\/span>\u2013 <span style=\"font-size: 18px;\">passive<\/span><\/li>\n<\/ul>\n<div><\/div>\n<p>[\/et_pb_text][et_pb_text _builder_version=&#8221;4.27.2&#8243; _module_preset=&#8221;default&#8221; global_colors_info=&#8221;{}&#8221;]<\/p>\n<h2>Professional Development \u2013 Courses and Online Courses<\/h2>\n<ul>\n<li>2012 \u2013 Course \u2013 Fundamentals of Scientific Work<\/li>\n<li>2011 \u2013 Course \u2013 Development of Pedagogical Competencies for Beginning Academic Staff<\/li>\n<\/ul>\n<p>[\/et_pb_text][et_pb_text _builder_version=&#8221;4.27.2&#8243; _module_preset=&#8221;default&#8221; global_colors_info=&#8221;{}&#8221;]<\/p>\n<h2>Work Experience:<\/h2>\n<ul>\n<li>2024 \u2013 interior designer<\/li>\n<li>2021 \u2013 2022 \u2013 Mendel University in Brno, Faculty of Forestry and Wood Technology, Department of Furniture, Design and Housing \u2013 academic staff \u2013 assistant professor<\/li>\n<li>2014 \u2013 2023 \u2013 SYKORA, s.r.o., Brno \u2013 designer and expert sales representative (interior designs) <\/li>\n<\/ul>\n<p>[\/et_pb_text][et_pb_text _builder_version=&#8221;4.27.2&#8243; _module_preset=&#8221;default&#8221; global_colors_info=&#8221;{}&#8221;]<\/p>\n<p><span style=\"font-size: 34px; letter-spacing: 1px;\">Interests, Skills<\/span><\/p>\n<ul>\n<li>Category B driving license<\/li>\n<li>\n<div><span> furniture and interior \u2013 technology, materials, standards, research<\/span><\/div>\n<\/li>\n<li>\n<div><span><\/span><span>AutoCAD drawing<\/span><\/div>\n<\/li>\n<li>\n<div><span><\/span><span style=\"font-size: 18px;\">3D modeling &#8211; Autodesk 3ds Max, V-Ray for 3ds Max<\/span><\/div>\n<\/li>\n<li>\n<div><span style=\"font-size: 18px;\"><\/span><span style=\"font-size: 18px;\">presentation skills (Powerpoint, PDF)<\/span><\/div>\n<\/li>\n<li>\n<div><span style=\"font-size: 18px;\"><\/span><span style=\"font-size: 18px;\">computer skills (Word, Excel)<\/span><\/div>\n<\/li>\n<\/ul>\n<p>[\/et_pb_text][et_pb_text _builder_version=&#8221;4.27.2&#8243; _module_preset=&#8221;default&#8221; hover_enabled=&#8221;0&#8243; global_colors_info=&#8221;{}&#8221; sticky_enabled=&#8221;0&#8243;]<\/p>\n<p><span style=\"font-size: 34px; letter-spacing: 1px;\">Exhibitions<\/span><\/p>\n<ul>\n<li>2013 \u2013 Technical Museum in Brno \u2013 design and visualization of the exhibition \u201cTuning in with us to the waves of radio and television history\u201d, co-author Ing. Kate\u0159ina Dvoulet\u00e1<\/li>\n<li>2011 \u2013 Brno Urban Interventions exhibition \u2013 Electronic presentation<\/li>\n<li>2010 \u2013 Jind\u0159ich Halabala exhibition in Brno \u2013 poster author<\/li>\n<\/ul>\n<p>[\/et_pb_text][et_pb_text _builder_version=&#8221;4.27.2&#8243; _module_preset=&#8221;default&#8221; hover_enabled=&#8221;0&#8243; global_colors_info=&#8221;{}&#8221; sticky_enabled=&#8221;0&#8243;]<\/p>\n<p><span style=\"font-size: 34px; letter-spacing: 1px;\">Interiors<\/span><\/p>\n<ul>\n<li>2018 \u2013 2023 \u2013 design and visualization of apartments in Brno<\/li>\n<li>2018 \u2013 2023 \u2013 design and visualization of family houses in Brno<\/li>\n<li>2021 \u2013 design and visualization of an apartment in Prague<\/li>\n<li>2021 \u2013 design and visualization of a family house in Uhersk\u00e9 Hradi\u0161t\u011b<\/li>\n<li>2020 \u2013 design and visualization of office spaces in Brno<\/li>\n<li>2014 \u2013 2018 \u2013 designs, visualizations, and implementations for SYKORA, spol. s.r.o.<\/li>\n<li>2014 \u2013 design and visualization of a kitchen for a family house in Veversk\u00e1 Byt\u00ed\u0161ce<\/li>\n<li>2014 \u2013 design and visualization of an apartment in Brno<\/li>\n<li>2013 \u2013 design and visualization of a retail unit in Avion Shopping Park in Ostrava<\/li>\n<li>2010 \u2013 design and visualization of a guest room in a family house in Vratimov<\/li>\n<li>2010 \u2013 design and visualization of a children&#8217;s room in a family house in Star\u00e1 B\u011bl\u00e1<\/li>\n<li>2010 \u2013 design and visualization of a children&#8217;s room in a family house in Vratimov<\/li>\n<li>2010 \u2013 design and visualization of a kitchen for a family house in Star\u00e1 B\u011bl\u00e1<\/li>\n<\/ul>\n<p>[\/et_pb_text][et_pb_button button_text=&#8221;academic work&#8221; _builder_version=&#8221;4.27.2&#8243; _module_preset=&#8221;default&#8221; button_url=&#8221;https:\/\/designumacademy.com\/wp-content\/uploads\/2024\/10\/2023_DMK_CV_academic_CZ.pdf&#8221; url_new_window=&#8221;on&#8221; hover_enabled=&#8221;0&#8243; sticky_enabled=&#8221;0&#8243;][\/et_pb_button][\/et_pb_column][\/et_pb_row][\/et_pb_section]<\/p>\n","protected":false},"excerpt":{"rendered":"<p>Ing. Danica Macha\u010d K\u00e1\u0148ov\u00e1, Ph.D. Designer, Educator, Ergonomics Scopus Author ID 6507013634 Education 2011 \u2013 2018 \u2013 Faculty of Forestry and Wood Technology, MENDELU Brno \u2013 Ph.D. \u2013 Development of Current Dimensional Standards for Lying and Resting Furniture 2009 \u2013 2011 \u2013 Faculty of Forestry and Wood Technology, MENDELU Brno \u2013 Ing. 2006 \u2013 2009 [&hellip;]<\/p>\n","protected":false},"author":2,"featured_media":0,"parent":0,"menu_order":0,"comment_status":"closed","ping_status":"closed","template":"","meta":{"_et_pb_use_builder":"on","_et_pb_old_content":"","_et_gb_content_width":"","footnotes":""},"class_list":["post-103399","page","type-page","status-publish","hentry"],"_links":{"self":[{"href":"https:\/\/designumacademy.com\/en\/wp-json\/wp\/v2\/pages\/103399","targetHints":{"allow":["GET"]}}],"collection":[{"href":"https:\/\/designumacademy.com\/en\/wp-json\/wp\/v2\/pages"}],"about":[{"href":"https:\/\/designumacademy.com\/en\/wp-json\/wp\/v2\/types\/page"}],"author":[{"embeddable":true,"href":"https:\/\/designumacademy.com\/en\/wp-json\/wp\/v2\/users\/2"}],"replies":[{"embeddable":true,"href":"https:\/\/designumacademy.com\/en\/wp-json\/wp\/v2\/comments?post=103399"}],"version-history":[{"count":0,"href":"https:\/\/designumacademy.com\/en\/wp-json\/wp\/v2\/pages\/103399\/revisions"}],"wp:attachment":[{"href":"https:\/\/designumacademy.com\/en\/wp-json\/wp\/v2\/media?parent=103399"}],"curies":[{"name":"wp","href":"https:\/\/api.w.org\/{rel}","templated":true}]}}