{"id":103393,"date":"2024-10-28T21:21:34","date_gmt":"2024-10-28T20:21:34","guid":{"rendered":"https:\/\/designumacademy.com\/consultation\/"},"modified":"2026-01-29T19:07:20","modified_gmt":"2026-01-29T18:07:20","slug":"consultation","status":"publish","type":"page","link":"https:\/\/designumacademy.com\/en\/consultation\/","title":{"rendered":"Consultation"},"content":{"rendered":"<p>[et_pb_section fb_built=&#8221;1&#8243; _builder_version=&#8221;4.27.2&#8243; _module_preset=&#8221;default&#8221; global_colors_info=&#8221;{}&#8221;][et_pb_row _builder_version=&#8221;4.27.2&#8243; _module_preset=&#8221;default&#8221; global_colors_info=&#8221;{}&#8221;][et_pb_column type=&#8221;4_4&#8243; _builder_version=&#8221;4.27.2&#8243; _module_preset=&#8221;default&#8221; global_colors_info=&#8221;{}&#8221;][et_pb_text _builder_version=&#8221;4.27.2&#8243; _module_preset=&#8221;default&#8221;]<\/p>\n<h1 class=\"p1\">Consultation<\/h1>\n<h3 class=\"p1\">Target Audience \u2013 Primarily for Students and Beginners<\/h3>\n<p class=\"p1\">Consultations are ideal if you need quick help with designing or implementing a project. Unlike mentoring or supervision, consultations focus on specific problems that require immediate solutions. Our expert consultations provide you with practical advice that will help you quickly continue working on your project.  <\/p>\n<p class=\"p1\">They are designed for anyone working in architecture, interior design, or furniture design who needs professional advice. Whether you&#8217;re a student, beginning designer, or experienced professional, consultations will help you solve problems efficiently. <\/p>\n<p>[\/et_pb_text][et_pb_heading title=&#8221;Don&#039;t Know how to Proceed? Need a Different Perspective on the Solution? Not sure?  &#8221; _builder_version=&#8221;4.27.2&#8243; _module_preset=&#8221;default&#8221; title_level=&#8221;h2&#8243; title_font=&#8221;Bebas neue Book|700|||||||&#8221; title_text_align=&#8221;center&#8221; title_text_color=&#8221;#FFFFFF&#8221; background_color=&#8221;#182121&#8243; module_alignment=&#8221;center&#8221; min_height=&#8221;61px&#8221; custom_margin=&#8221;||||false|true&#8221; custom_padding=&#8221;30px|30px|30px|30px|true|true&#8221; locked=&#8221;off&#8221; global_colors_info=&#8221;{}&#8221;][\/et_pb_heading][et_pb_text _builder_version=&#8221;4.27.2&#8243; _module_preset=&#8221;default&#8221;]<\/p>\n<h3 class=\"p1\">What Will Consultations Bring You?<\/h3>\n<ul>\n<li class=\"p1\"><strong>Quick solutions:<\/strong> We focus on specific problems so you can <strong>continue as soon as possible<\/strong> on your project.<\/li>\n<li class=\"p1\"><strong>Flexible format:<\/strong> Consultations can take place online via <strong>ZOOM<\/strong>, in person <strong>in Brno<\/strong>, or via email for partial problems. This ensures flexibility and convenience whenever you need help. <\/li>\n<li class=\"p1\"><strong>Support at every stage of the project:<\/strong> Our consultations help you in all phases of the project \u2013 from initial designs to implementation. This helps you save time, reduce costs, and improve the quality of results. <\/li>\n<li class=\"p1\"><strong>We won&#8217;t solve the problem for you,<\/strong> but we&#8217;ll help you find solutions.<\/li>\n<\/ul>\n<p>[\/et_pb_text][et_pb_text _builder_version=&#8221;4.27.2&#8243; _module_preset=&#8221;default&#8221;]<\/p>\n<h3 class=\"p1\">Consultation Pricing<\/h3>\n<p class=\"p1\"><strong>30-minute consultation<\/strong><strong>:<\/strong> 1,500 K\u010d (every started half hour).<\/p>\n<p class=\"p1\"><strong>Video recording of online consultations:<\/strong> After each online consultation, you&#8217;ll receive a video recording. Text transcription can be arranged for an additional 100 CZK, which will help you better remember key points from the consultation. <\/p>\n<p class=\"p1\"><strong>Express consultation within 24 hours:<\/strong> 100% surcharge if it&#8217;s really urgent and we need to adjust our schedule.<\/p>\n<p class=\"p2\">\n<p>[\/et_pb_text][et_pb_text _builder_version=&#8221;4.27.2&#8243; _module_preset=&#8221;default&#8221;]<\/p>\n<h3 class=\"p1\">Why Choose Us?<\/h3>\n<p class=\"p1\"><strong>Professional approach:<\/strong> Our years of experience in architecture and design guarantee the quality and efficiency of our consultations.<\/p>\n<p class=\"p1\"><strong>Quick help:<\/strong> We go straight to the heart of the problem and look for fast and effective solutions that help you advance in your project as quickly as possible.<\/p>\n<p class=\"p1\"><strong>Individual approach:<\/strong> Every project is unique, so we offer solutions tailored to your specific needs and goals.<\/p>\n<p class=\"p1\"><strong>Long-term value:<\/strong> Our consultations help you not only with your current problem but also provide you with skills and knowledge you can use in the future.<\/p>\n<p>[\/et_pb_text][et_pb_text _builder_version=&#8221;4.27.2&#8243; _module_preset=&#8221;default&#8221;]<\/p>\n<p class=\"p1\">Want to grow as a professional? Contact us and find out how we can help you achieve your goals through tailored mentoring. We&#8217;re ready to help you at every step of your professional journey, whether you need help with a specific project or long-term support.  <\/p>\n<p>[\/et_pb_text][et_pb_heading title=&#8221;Want to Schedule a Consultation? Contact Us: Makov58@Gmail.Com +420 608 337 445 &#8221; _builder_version=&#8221;4.27.2&#8243; _module_preset=&#8221;default&#8221; title_level=&#8221;h2&#8243; title_font=&#8221;Bebas neue Book|700|||||||&#8221; title_text_align=&#8221;center&#8221; title_text_color=&#8221;#FFFFFF&#8221; background_color=&#8221;#182121&#8243; module_alignment=&#8221;center&#8221; min_height=&#8221;61px&#8221; custom_margin=&#8221;||||false|true&#8221; custom_padding=&#8221;30px|30px|30px|30px|true|true&#8221; locked=&#8221;off&#8221; global_colors_info=&#8221;{}&#8221;][\/et_pb_heading][\/et_pb_column][\/et_pb_row][\/et_pb_section]<\/p>\n","protected":false},"excerpt":{"rendered":"<p>Consultation Target Audience \u2013 Primarily for Students and Beginners Consultations are ideal if you need quick help with designing or implementing a project. Unlike mentoring or supervision, consultations focus on specific problems that require immediate solutions. Our expert consultations provide you with practical advice that will help you quickly continue working on your project. They [&hellip;]<\/p>\n","protected":false},"author":2,"featured_media":0,"parent":0,"menu_order":0,"comment_status":"closed","ping_status":"closed","template":"","meta":{"_et_pb_use_builder":"on","_et_pb_old_content":"","_et_gb_content_width":"","footnotes":""},"class_list":["post-103393","page","type-page","status-publish","hentry"],"yoast_head":"<!-- This site is optimized with the Yoast SEO Premium plugin v25.8 (Yoast SEO v27.4) - https:\/\/yoast.com\/product\/yoast-seo-premium-wordpress\/ -->\n<title>Consultation - designumacademy.com<\/title>\n<meta name=\"robots\" content=\"index, follow, max-snippet:-1, max-image-preview:large, max-video-preview:-1\" \/>\n<link rel=\"canonical\" href=\"https:\/\/designumacademy.com\/en\/consultation\/\" \/>\n<meta property=\"og:locale\" content=\"en_US\" \/>\n<meta property=\"og:type\" content=\"article\" \/>\n<meta property=\"og:title\" content=\"Consultation\" \/>\n<meta property=\"og:description\" content=\"Consultation Target Audience \u2013 Primarily for Students and Beginners Consultations are ideal if you need quick help with designing or implementing a project. Unlike mentoring or supervision, consultations focus on specific problems that require immediate solutions. Our expert consultations provide you with practical advice that will help you quickly continue working on your project. They [&hellip;]\" \/>\n<meta property=\"og:url\" content=\"https:\/\/designumacademy.com\/en\/consultation\/\" \/>\n<meta property=\"og:site_name\" content=\"designumacademy.com\" \/>\n<meta property=\"article:publisher\" content=\"https:\/\/www.facebook.com\/groups\/649693200374250\" \/>\n<meta property=\"article:modified_time\" content=\"2026-01-29T18:07:20+00:00\" \/>\n<meta name=\"twitter:card\" content=\"summary_large_image\" \/>\n<meta name=\"twitter:label1\" content=\"Est. reading time\" \/>\n\t<meta name=\"twitter:data1\" content=\"3 minutes\" \/>\n<script type=\"application\/ld+json\" class=\"yoast-schema-graph\">{\"@context\":\"https:\\\/\\\/schema.org\",\"@graph\":[{\"@type\":\"WebPage\",\"@id\":\"https:\\\/\\\/designumacademy.com\\\/en\\\/consultation\\\/\",\"url\":\"https:\\\/\\\/designumacademy.com\\\/en\\\/consultation\\\/\",\"name\":\"Consultation - designumacademy.com\",\"isPartOf\":{\"@id\":\"https:\\\/\\\/designumacademy.com\\\/en\\\/#website\"},\"datePublished\":\"2024-10-28T20:21:34+00:00\",\"dateModified\":\"2026-01-29T18:07:20+00:00\",\"breadcrumb\":{\"@id\":\"https:\\\/\\\/designumacademy.com\\\/en\\\/consultation\\\/#breadcrumb\"},\"inLanguage\":\"en-US\",\"potentialAction\":[{\"@type\":\"ReadAction\",\"target\":[\"https:\\\/\\\/designumacademy.com\\\/en\\\/consultation\\\/\"]}]},{\"@type\":\"BreadcrumbList\",\"@id\":\"https:\\\/\\\/designumacademy.com\\\/en\\\/consultation\\\/#breadcrumb\",\"itemListElement\":[{\"@type\":\"ListItem\",\"position\":1,\"name\":\"Dom\u016f\",\"item\":\"https:\\\/\\\/designumacademy.com\\\/en\\\/homepage\\\/\"},{\"@type\":\"ListItem\",\"position\":2,\"name\":\"Consultation\"}]},{\"@type\":\"WebSite\",\"@id\":\"https:\\\/\\\/designumacademy.com\\\/en\\\/#website\",\"url\":\"https:\\\/\\\/designumacademy.com\\\/en\\\/\",\"name\":\"designkitchen.cz\",\"description\":\"vzd\u011bl\u00e1v\u00e1n\u00ed, design, interi\u00e9r, architektura\",\"publisher\":{\"@id\":\"https:\\\/\\\/designumacademy.com\\\/en\\\/#organization\"},\"alternateName\":\"\u0161kola designu\",\"potentialAction\":[{\"@type\":\"SearchAction\",\"target\":{\"@type\":\"EntryPoint\",\"urlTemplate\":\"https:\\\/\\\/designumacademy.com\\\/en\\\/?s={search_term_string}\"},\"query-input\":{\"@type\":\"PropertyValueSpecification\",\"valueRequired\":true,\"valueName\":\"search_term_string\"}}],\"inLanguage\":\"en-US\"},{\"@type\":\"Organization\",\"@id\":\"https:\\\/\\\/designumacademy.com\\\/en\\\/#organization\",\"name\":\"designkitchen.cz\",\"url\":\"https:\\\/\\\/designumacademy.com\\\/en\\\/\",\"logo\":{\"@type\":\"ImageObject\",\"inLanguage\":\"en-US\",\"@id\":\"https:\\\/\\\/designumacademy.com\\\/en\\\/#\\\/schema\\\/logo\\\/image\\\/\",\"url\":\"http:\\\/\\\/designumacademy.com\\\/wp-content\\\/uploads\\\/2024\\\/10\\\/2024_DK_logo_1.png\",\"contentUrl\":\"http:\\\/\\\/designumacademy.com\\\/wp-content\\\/uploads\\\/2024\\\/10\\\/2024_DK_logo_1.png\",\"width\":1360,\"height\":196,\"caption\":\"designkitchen.cz\"},\"image\":{\"@id\":\"https:\\\/\\\/designumacademy.com\\\/en\\\/#\\\/schema\\\/logo\\\/image\\\/\"},\"sameAs\":[\"https:\\\/\\\/www.facebook.com\\\/groups\\\/649693200374250\"]}]}<\/script>\n<!-- \/ Yoast SEO Premium plugin. -->","yoast_head_json":{"title":"Consultation - designumacademy.com","robots":{"index":"index","follow":"follow","max-snippet":"max-snippet:-1","max-image-preview":"max-image-preview:large","max-video-preview":"max-video-preview:-1"},"canonical":"https:\/\/designumacademy.com\/en\/consultation\/","og_locale":"en_US","og_type":"article","og_title":"Consultation","og_description":"Consultation Target Audience \u2013 Primarily for Students and Beginners Consultations are ideal if you need quick help with designing or implementing a project. Unlike mentoring or supervision, consultations focus on specific problems that require immediate solutions. Our expert consultations provide you with practical advice that will help you quickly continue working on your project. They [&hellip;]","og_url":"https:\/\/designumacademy.com\/en\/consultation\/","og_site_name":"designumacademy.com","article_publisher":"https:\/\/www.facebook.com\/groups\/649693200374250","article_modified_time":"2026-01-29T18:07:20+00:00","twitter_card":"summary_large_image","twitter_misc":{"Est. reading time":"3 minutes"},"schema":{"@context":"https:\/\/schema.org","@graph":[{"@type":"WebPage","@id":"https:\/\/designumacademy.com\/en\/consultation\/","url":"https:\/\/designumacademy.com\/en\/consultation\/","name":"Consultation - designumacademy.com","isPartOf":{"@id":"https:\/\/designumacademy.com\/en\/#website"},"datePublished":"2024-10-28T20:21:34+00:00","dateModified":"2026-01-29T18:07:20+00:00","breadcrumb":{"@id":"https:\/\/designumacademy.com\/en\/consultation\/#breadcrumb"},"inLanguage":"en-US","potentialAction":[{"@type":"ReadAction","target":["https:\/\/designumacademy.com\/en\/consultation\/"]}]},{"@type":"BreadcrumbList","@id":"https:\/\/designumacademy.com\/en\/consultation\/#breadcrumb","itemListElement":[{"@type":"ListItem","position":1,"name":"Dom\u016f","item":"https:\/\/designumacademy.com\/en\/homepage\/"},{"@type":"ListItem","position":2,"name":"Consultation"}]},{"@type":"WebSite","@id":"https:\/\/designumacademy.com\/en\/#website","url":"https:\/\/designumacademy.com\/en\/","name":"designkitchen.cz","description":"vzd\u011bl\u00e1v\u00e1n\u00ed, design, interi\u00e9r, architektura","publisher":{"@id":"https:\/\/designumacademy.com\/en\/#organization"},"alternateName":"\u0161kola designu","potentialAction":[{"@type":"SearchAction","target":{"@type":"EntryPoint","urlTemplate":"https:\/\/designumacademy.com\/en\/?s={search_term_string}"},"query-input":{"@type":"PropertyValueSpecification","valueRequired":true,"valueName":"search_term_string"}}],"inLanguage":"en-US"},{"@type":"Organization","@id":"https:\/\/designumacademy.com\/en\/#organization","name":"designkitchen.cz","url":"https:\/\/designumacademy.com\/en\/","logo":{"@type":"ImageObject","inLanguage":"en-US","@id":"https:\/\/designumacademy.com\/en\/#\/schema\/logo\/image\/","url":"https:\/\/designumacademy.com\/wp-content\/uploads\/2024\/10\/2024_DK_logo_1.png","contentUrl":"https:\/\/designumacademy.com\/wp-content\/uploads\/2024\/10\/2024_DK_logo_1.png","width":1360,"height":196,"caption":"designkitchen.cz"},"image":{"@id":"https:\/\/designumacademy.com\/en\/#\/schema\/logo\/image\/"},"sameAs":["https:\/\/www.facebook.com\/groups\/649693200374250"]}]}},"_links":{"self":[{"href":"https:\/\/designumacademy.com\/en\/wp-json\/wp\/v2\/pages\/103393","targetHints":{"allow":["GET"]}}],"collection":[{"href":"https:\/\/designumacademy.com\/en\/wp-json\/wp\/v2\/pages"}],"about":[{"href":"https:\/\/designumacademy.com\/en\/wp-json\/wp\/v2\/types\/page"}],"author":[{"embeddable":true,"href":"https:\/\/designumacademy.com\/en\/wp-json\/wp\/v2\/users\/2"}],"replies":[{"embeddable":true,"href":"https:\/\/designumacademy.com\/en\/wp-json\/wp\/v2\/comments?post=103393"}],"version-history":[{"count":8,"href":"https:\/\/designumacademy.com\/en\/wp-json\/wp\/v2\/pages\/103393\/revisions"}],"predecessor-version":[{"id":104512,"href":"https:\/\/designumacademy.com\/en\/wp-json\/wp\/v2\/pages\/103393\/revisions\/104512"}],"wp:attachment":[{"href":"https:\/\/designumacademy.com\/en\/wp-json\/wp\/v2\/media?parent=103393"}],"curies":[{"name":"wp","href":"https:\/\/api.w.org\/{rel}","templated":true}]}}