{"id":103389,"date":"2025-04-01T15:55:15","date_gmt":"2025-04-01T13:55:15","guid":{"rendered":"https:\/\/designumacademy.com\/blog\/"},"modified":"2025-11-10T06:27:32","modified_gmt":"2025-11-10T05:27:32","slug":"blog","status":"publish","type":"page","link":"https:\/\/designumacademy.com\/en\/blog\/","title":{"rendered":"Blog"},"content":{"rendered":"<p>[et_pb_section fb_built=&#8221;1&#8243; _builder_version=&#8221;4.27.4&#8243; _module_preset=&#8221;default&#8221; global_colors_info=&#8221;{}&#8221;][et_pb_row _builder_version=&#8221;4.27.4&#8243; _module_preset=&#8221;default&#8221; global_colors_info=&#8221;{}&#8221;][et_pb_column type=&#8221;4_4&#8243; _builder_version=&#8221;4.27.4&#8243; _module_preset=&#8221;default&#8221; global_colors_info=&#8221;{}&#8221;][et_pb_gallery _builder_version=&#8221;4.27.4&#8243; _module_preset=&#8221;default&#8221; gallery_ids=&#8221;103785&#8243; posts_number=&#8221;6&#8243; link_option_url=&#8221;https:\/\/designumacademy.com\/en\/?p=103769&#8243; title_level=&#8221;h4&#8243; hover_enabled=&#8221;0&#8243; sticky_enabled=&#8221;0&#8243;][\/et_pb_gallery][\/et_pb_column][\/et_pb_row][\/et_pb_section]<\/p>\n","protected":false},"excerpt":{"rendered":"","protected":false},"author":2,"featured_media":0,"parent":0,"menu_order":0,"comment_status":"closed","ping_status":"closed","template":"","meta":{"_et_pb_use_builder":"on","_et_pb_old_content":"","_et_gb_content_width":"","footnotes":""},"class_list":["post-103389","page","type-page","status-publish","hentry"],"yoast_head":"<!-- This site is optimized with the Yoast SEO Premium plugin v25.8 (Yoast SEO v27.4) - https:\/\/yoast.com\/product\/yoast-seo-premium-wordpress\/ -->\n<title>Blog - designumacademy.com<\/title>\n<meta name=\"robots\" content=\"index, follow, max-snippet:-1, max-image-preview:large, max-video-preview:-1\" \/>\n<link rel=\"canonical\" href=\"https:\/\/designumacademy.com\/en\/blog\/\" \/>\n<meta property=\"og:locale\" content=\"en_US\" \/>\n<meta property=\"og:type\" content=\"article\" \/>\n<meta property=\"og:title\" content=\"Blog\" \/>\n<meta property=\"og:url\" content=\"https:\/\/designumacademy.com\/en\/blog\/\" \/>\n<meta property=\"og:site_name\" content=\"designumacademy.com\" \/>\n<meta property=\"article:publisher\" content=\"https:\/\/www.facebook.com\/groups\/649693200374250\" \/>\n<meta property=\"article:modified_time\" content=\"2025-11-10T05:27:32+00:00\" \/>\n<meta name=\"twitter:card\" content=\"summary_large_image\" \/>\n<script type=\"application\/ld+json\" class=\"yoast-schema-graph\">{\"@context\":\"https:\\\/\\\/schema.org\",\"@graph\":[{\"@type\":\"WebPage\",\"@id\":\"https:\\\/\\\/designumacademy.com\\\/en\\\/blog\\\/\",\"url\":\"https:\\\/\\\/designumacademy.com\\\/en\\\/blog\\\/\",\"name\":\"Blog - designumacademy.com\",\"isPartOf\":{\"@id\":\"https:\\\/\\\/designumacademy.com\\\/en\\\/#website\"},\"datePublished\":\"2025-04-01T13:55:15+00:00\",\"dateModified\":\"2025-11-10T05:27:32+00:00\",\"breadcrumb\":{\"@id\":\"https:\\\/\\\/designumacademy.com\\\/en\\\/blog\\\/#breadcrumb\"},\"inLanguage\":\"en-US\",\"potentialAction\":[{\"@type\":\"ReadAction\",\"target\":[\"https:\\\/\\\/designumacademy.com\\\/en\\\/blog\\\/\"]}]},{\"@type\":\"BreadcrumbList\",\"@id\":\"https:\\\/\\\/designumacademy.com\\\/en\\\/blog\\\/#breadcrumb\",\"itemListElement\":[{\"@type\":\"ListItem\",\"position\":1,\"name\":\"Dom\u016f\",\"item\":\"https:\\\/\\\/designumacademy.com\\\/en\\\/homepage\\\/\"},{\"@type\":\"ListItem\",\"position\":2,\"name\":\"Blog\"}]},{\"@type\":\"WebSite\",\"@id\":\"https:\\\/\\\/designumacademy.com\\\/en\\\/#website\",\"url\":\"https:\\\/\\\/designumacademy.com\\\/en\\\/\",\"name\":\"designkitchen.cz\",\"description\":\"vzd\u011bl\u00e1v\u00e1n\u00ed, design, interi\u00e9r, architektura\",\"publisher\":{\"@id\":\"https:\\\/\\\/designumacademy.com\\\/en\\\/#organization\"},\"alternateName\":\"\u0161kola designu\",\"potentialAction\":[{\"@type\":\"SearchAction\",\"target\":{\"@type\":\"EntryPoint\",\"urlTemplate\":\"https:\\\/\\\/designumacademy.com\\\/en\\\/?s={search_term_string}\"},\"query-input\":{\"@type\":\"PropertyValueSpecification\",\"valueRequired\":true,\"valueName\":\"search_term_string\"}}],\"inLanguage\":\"en-US\"},{\"@type\":\"Organization\",\"@id\":\"https:\\\/\\\/designumacademy.com\\\/en\\\/#organization\",\"name\":\"designkitchen.cz\",\"url\":\"https:\\\/\\\/designumacademy.com\\\/en\\\/\",\"logo\":{\"@type\":\"ImageObject\",\"inLanguage\":\"en-US\",\"@id\":\"https:\\\/\\\/designumacademy.com\\\/en\\\/#\\\/schema\\\/logo\\\/image\\\/\",\"url\":\"http:\\\/\\\/designumacademy.com\\\/wp-content\\\/uploads\\\/2024\\\/10\\\/2024_DK_logo_1.png\",\"contentUrl\":\"http:\\\/\\\/designumacademy.com\\\/wp-content\\\/uploads\\\/2024\\\/10\\\/2024_DK_logo_1.png\",\"width\":1360,\"height\":196,\"caption\":\"designkitchen.cz\"},\"image\":{\"@id\":\"https:\\\/\\\/designumacademy.com\\\/en\\\/#\\\/schema\\\/logo\\\/image\\\/\"},\"sameAs\":[\"https:\\\/\\\/www.facebook.com\\\/groups\\\/649693200374250\"]}]}<\/script>\n<!-- \/ Yoast SEO Premium plugin. -->","yoast_head_json":{"title":"Blog - designumacademy.com","robots":{"index":"index","follow":"follow","max-snippet":"max-snippet:-1","max-image-preview":"max-image-preview:large","max-video-preview":"max-video-preview:-1"},"canonical":"https:\/\/designumacademy.com\/en\/blog\/","og_locale":"en_US","og_type":"article","og_title":"Blog","og_url":"https:\/\/designumacademy.com\/en\/blog\/","og_site_name":"designumacademy.com","article_publisher":"https:\/\/www.facebook.com\/groups\/649693200374250","article_modified_time":"2025-11-10T05:27:32+00:00","twitter_card":"summary_large_image","schema":{"@context":"https:\/\/schema.org","@graph":[{"@type":"WebPage","@id":"https:\/\/designumacademy.com\/en\/blog\/","url":"https:\/\/designumacademy.com\/en\/blog\/","name":"Blog - designumacademy.com","isPartOf":{"@id":"https:\/\/designumacademy.com\/en\/#website"},"datePublished":"2025-04-01T13:55:15+00:00","dateModified":"2025-11-10T05:27:32+00:00","breadcrumb":{"@id":"https:\/\/designumacademy.com\/en\/blog\/#breadcrumb"},"inLanguage":"en-US","potentialAction":[{"@type":"ReadAction","target":["https:\/\/designumacademy.com\/en\/blog\/"]}]},{"@type":"BreadcrumbList","@id":"https:\/\/designumacademy.com\/en\/blog\/#breadcrumb","itemListElement":[{"@type":"ListItem","position":1,"name":"Dom\u016f","item":"https:\/\/designumacademy.com\/en\/homepage\/"},{"@type":"ListItem","position":2,"name":"Blog"}]},{"@type":"WebSite","@id":"https:\/\/designumacademy.com\/en\/#website","url":"https:\/\/designumacademy.com\/en\/","name":"designkitchen.cz","description":"vzd\u011bl\u00e1v\u00e1n\u00ed, design, interi\u00e9r, architektura","publisher":{"@id":"https:\/\/designumacademy.com\/en\/#organization"},"alternateName":"\u0161kola designu","potentialAction":[{"@type":"SearchAction","target":{"@type":"EntryPoint","urlTemplate":"https:\/\/designumacademy.com\/en\/?s={search_term_string}"},"query-input":{"@type":"PropertyValueSpecification","valueRequired":true,"valueName":"search_term_string"}}],"inLanguage":"en-US"},{"@type":"Organization","@id":"https:\/\/designumacademy.com\/en\/#organization","name":"designkitchen.cz","url":"https:\/\/designumacademy.com\/en\/","logo":{"@type":"ImageObject","inLanguage":"en-US","@id":"https:\/\/designumacademy.com\/en\/#\/schema\/logo\/image\/","url":"https:\/\/designumacademy.com\/wp-content\/uploads\/2024\/10\/2024_DK_logo_1.png","contentUrl":"https:\/\/designumacademy.com\/wp-content\/uploads\/2024\/10\/2024_DK_logo_1.png","width":1360,"height":196,"caption":"designkitchen.cz"},"image":{"@id":"https:\/\/designumacademy.com\/en\/#\/schema\/logo\/image\/"},"sameAs":["https:\/\/www.facebook.com\/groups\/649693200374250"]}]}},"_links":{"self":[{"href":"https:\/\/designumacademy.com\/en\/wp-json\/wp\/v2\/pages\/103389","targetHints":{"allow":["GET"]}}],"collection":[{"href":"https:\/\/designumacademy.com\/en\/wp-json\/wp\/v2\/pages"}],"about":[{"href":"https:\/\/designumacademy.com\/en\/wp-json\/wp\/v2\/types\/page"}],"author":[{"embeddable":true,"href":"https:\/\/designumacademy.com\/en\/wp-json\/wp\/v2\/users\/2"}],"replies":[{"embeddable":true,"href":"https:\/\/designumacademy.com\/en\/wp-json\/wp\/v2\/comments?post=103389"}],"version-history":[{"count":8,"href":"https:\/\/designumacademy.com\/en\/wp-json\/wp\/v2\/pages\/103389\/revisions"}],"predecessor-version":[{"id":103797,"href":"https:\/\/designumacademy.com\/en\/wp-json\/wp\/v2\/pages\/103389\/revisions\/103797"}],"wp:attachment":[{"href":"https:\/\/designumacademy.com\/en\/wp-json\/wp\/v2\/media?parent=103389"}],"curies":[{"name":"wp","href":"https:\/\/api.w.org\/{rel}","templated":true}]}}